{"id":1295,"date":"2020-03-16T13:57:07","date_gmt":"2020-03-16T13:57:07","guid":{"rendered":"https:\/\/olympiametropolitana.com\/politica-de-privacidad\/"},"modified":"2021-05-20T09:14:37","modified_gmt":"2021-05-20T09:14:37","slug":"politica-de-privacidad","status":"publish","type":"page","link":"https:\/\/olympiametropolitana.com\/ca\/politica-de-privacidad\/","title":{"rendered":"POL\u00cdTICA DE PRIVACITAT"},"content":{"rendered":"<p>Av\u00eds Legal<\/p>\n<p>La comunicaci\u00f3 amb Olympia metropolitana SA amb CIF A46381117 a trav\u00e9s de la seua adre\u00e7a de correu electr\u00f2nic direccion@olympiametropolitana.com suposa el consentiment expr\u00e9s perqu\u00e8 les seues dades personals siguen incorporats a fitxers de titularitat d&#8217;Olympia metropolitana SA el domicili fiscal de la qual \u00e9s: Carrer Sant Vicent Martir 44 \u2013 Bj \u2013 46002 Val\u00e8ncia<\/p>\n<p>Olympia metropolitana SA\u00a0\u00a0posa a la disposici\u00f3 de tots els usuaris el portal\u00a0web, en els termes recollits en les seg\u00fcents condicions:<\/p>\n<p>Primera.- Definici\u00f3 d&#8217;usuari.<br \/>\nL&#8217;acc\u00e9s i\/o l&#8217;\u00fas de la web atorga a qui el realitza la condici\u00f3 d&#8217;usuari d&#8217;aquest, acceptant des d&#8217;aqueix moment i sense cap reserva les presents Condicions Generals, sense perjudici de les Condicions Particulars que poguera establir\u00a0Olympia metropolitana SA\u00a0\u00a0per a la regulaci\u00f3 de determinats serveis i\/o continguts.<\/p>\n<p>En cas que l&#8217;usuari siga menor d&#8217;edat haur\u00e0 d&#8217;obtindre pr\u00e8viament perm\u00eds dels seus pares, tutors o representants legals, els qui seran considerats responsables, amb car\u00e0cter general de tots els actes realitzats pels menors al seu c\u00e0rrec.<\/p>\n<p>Segona.- Obligacions de l&#8217;usuari.<br \/>\nL&#8217;usuari s&#8217;obliga a usar\u00a0la web\u00a0conforme a la legalitat vigent, la bona fe, l&#8217;ordre p\u00fablic i els usos i costums generalment acceptats.<\/p>\n<p>Aix\u00ed mateix, l&#8217;usuari s&#8217;obliga a no utilitzar la web amb finalitats il\u00b7l\u00edcits o lesius per als drets i\/o interessos de\u00a0\u00a0Olympia metropolitana SA\u00a0\u00a0i\/o tercers, i a no causar perjudicis o impedir el normal funcionament de la web.<\/p>\n<p>Tercera.- Responsabilitat de l&#8217;usuari.<br \/>\nL&#8217;\u00fas que realitze l&#8217;usuari de la web ser\u00e0 responsabilitat \u00fanica i exclusiva d&#8217;aquest, mantenint en tot cas indemne a\u00a0\u00a0Olympia metropolitana SA\u00a0de qualsevol mal i\/o perjudici que directament o indirectament, la no observaci\u00f3 de les presents Condicions Generals per part de l&#8217;usuari poguera ocasionar al propi usuari o a tercers.<\/p>\n<p>En aquest sentit\u00a0\u00a0Olympia metropolitana SA\u00a0es reserva el dret a denegar l&#8217;acc\u00e9s i\/o \u00fas de la web\u00a0 o de qualsevol dels seus continguts i\/o serveis, a qualsevol usuari que haguera incomplit les presents Condicions Generals.<\/p>\n<p>Quarta.- Responsabilitat de\u00a0\u00a0Olympia metropolitana SA\u00a0. L&#8217;entitat \u00a0no es fa responsable dels danys i\/o perjudicis de qualsevol naturalesa que poguera patir l&#8217;usuari o un tercer derivats de:<\/p>\n<p>(i) la falta de disponibilitat, manteniment o efectiu funcionament de\u00a0la web, dels seus serveis o dels seus continguts;<\/p>\n<p>(ii) de la falta d&#8217;utilitat, veracitat, adequaci\u00f3 o validesa de la web, dels seus serveis o dels seus continguts per a satisfer les necessitats o expectatives de l&#8217;usuari;<\/p>\n<p>(iii) que un tercer, infringint les mesures de seguretat establides Olympia metropolitana SA utilitze la web , els seus continguts o serveis per a la remissi\u00f3 de virus, o accedisca a realitzar un tractament no autoritzat de les dades emmagatzemades per\u00a0\u00a0Olympia metropolitana SA<\/p>\n<p>(iv) Ni, en general, de qualsevol \u00fas de la web, els seus serveis i\/o continguts que poguera realitzar l&#8217;usuari o un tercer, en contra de les Condicions d&#8217;acc\u00e9s i \u00fas d&#8217;aquests, establides per Olympia metropolitana SA<\/p>\n<p>Quinta.- Autoritzaci\u00f3 d&#8217;\u00fas dels continguts.<br \/>\nEls continguts que\u00a0\u00a0Olympia metropolitana SA\u00a0\u00a0posa a la disposici\u00f3 de l&#8217;usuari estan protegits pels drets de propietat intel\u00b7lectual necessaris i han sigut legalment cedits als fins oportuns pels corresponents titulars d&#8217;aquests.<\/p>\n<p>Olympia metropolitana SA autoritza l&#8217;usuari a fer \u00fas dels mateixos als fins expressament recollits en la web o en les presents Condicions Generals, quedant prohibida la reproducci\u00f3, distribuci\u00f3, modificaci\u00f3 o comunicaci\u00f3 p\u00fablica d&#8217;aquests, total o parcial, excepte per als casos en els quals, pr\u00e8via sol\u00b7licitud,\u00a0\u00a0Olympia metropolitana SA\u00a0\u00a0accepte la seua reproducci\u00f3.<\/p>\n<p>Sisena.- Tractament de dades personals.<br \/>\nOlympia metropolitana SA t\u00e9 establida una Pol\u00edtica de Privacitat que regula la recollida, emmagatzematge, tractament i \u00fas de les dades personals que l&#8217;usuari facilite a Olympia metropolitana SA En aquest sentit, l&#8217;entitat \u00a0garanteix el compliment per la seua part d&#8217;aquesta pol\u00edtica que pot ser consultada per l&#8217;usuari accedint a l&#8217;enlla\u00e7 Pol\u00edtica de Privacitat que apareix en l&#8217;apartat Informaci\u00f3.<\/p>\n<p>Setena.- Directori d&#8217;Enlla\u00e7os.<br \/>\nEls dispositius d&#8217;enlla\u00e7 que\u00a0\u00a0Olympia metropolitana SA\u00a0\u00a0posa a la disposici\u00f3 de l&#8217;usuari tenen com a \u00fanica finalitat facilitar l&#8217;acc\u00e9s a altres continguts i\/o serveis que pogueren ser del seu inter\u00e9s, no estant aquests gestionats ni controlats per\u00a0Olympia metropolitana SA\u00a0en relaci\u00f3 amb la licitud, veracitat, utilitat, qualitat o fiabilitat dels continguts i\/o serveis que no siguen directament gestionats o controlats per\u00a0\u00a0Olympia metropolitana SA\u00a0\u00a0encara que aquests puguen ser accessibles a trav\u00e9s de la web.<\/p>\n<p>Octava.- Modificaci\u00f3 i cancel\u00b7laci\u00f3 de les presents Condicions.<br \/>\nOlympia metropolitana SA\u00a0es reserva el dret a modificar totalment o parcialment la web, el seu disseny, continguts i\/o serveis, aix\u00ed com les presents Condicions quan aix\u00ed ho estime oport\u00fa.<\/p>\n<p>Igualment,\u00a0\u00a0Olympia metropolitana SA\u00a0\u00a0es reserva el dret a interrompre, suspendre temporalment o cancel\u00b7lar definitivament la web o qualsevol dels continguts i\/o serveis que ho integren, a la seua sola i sencera discreci\u00f3.<\/p>\n<p>Protecci\u00f3 de Dades<\/p>\n<p>La comunicaci\u00f3 amb Olympia metropolitana SA amb CIF A46381117 a trav\u00e9s de la seua adre\u00e7a de correu electr\u00f2nic direccion@olympiametropolitana.com\u00a0\u00a0suposa el consentiment expr\u00e9s perqu\u00e8 les seues dades personals siguen incorporats a fitxers de titularitat de Olympia metropolitana SA el domicili fiscal de la qual \u00e9s: Carrer Sant Vicent Martir 44 \u2013 Bj \u2013 46002 Val\u00e8ncia<\/p>\n<p>Aquestes dades seran tractats per aquesta sota la seua responsabilitat amb la finalitat d&#8217;informar els clients de de els productes demandats per aix\u00f2 de la p\u00e0gina web destinada a tal fi o efectuar futures seleccions de personal, en els casos en els quals aquest siga l&#8217;objectiu de la comunicaci\u00f3 de l&#8217;interessat amb Olympia metropolitana SA i per a realitzar futures comunicacions comercials amb l&#8217;interessat en la resta de casos, tenint l&#8217;interessat dret d&#8217;acc\u00e9s, rectificaci\u00f3, cancel\u00b7laci\u00f3, oposici\u00f3,\u00a0 portabilitat i a la supressi\u00f3 respecte a les dades personals que consten en els expressats fitxers, podent revocar el seu consentiment per escrit en qualsevol moment (Reglament General de Protecci\u00f3 de Dades (RGPD) i Reial decret 1720\/2007, de 21 de desembre de Protecci\u00f3 de Dades de Car\u00e0cter Personal).<\/p>\n<p>Registre de visites (\u00das de Cookies).<\/p>\n<p>L&#8217;adre\u00e7a web esarco.es utilitza Cookies pr\u00f2pies, de sessi\u00f3, persistents i de Google Analytics. Una cookie \u00e9s la informaci\u00f3 enviada des d&#8217;un servidor de p\u00e0gines web i emmagatzemada en el disc dur del visitant a trav\u00e9s del navegador. Aquesta informaci\u00f3 ser\u00e0 reexpedida de nou al servidor en cada petici\u00f3, de manera que el servidor pot identificar o recuperar informaci\u00f3 sobre l&#8217;usuari que est\u00e0 accedint. L&#8217;usuari pot no acceptar-les o configurar el seu navegador per a bloquejar-les i, en el seu cas, eliminar-les. Pot obtindre m\u00e9s informaci\u00f3 en la Pol\u00edtica de Cookies.<\/p>\n<p>Enlla\u00e7os.<\/p>\n<p>Aquesta pol\u00edtica de privacitat nom\u00e9s \u00e9s aplicable a la p\u00e0gina web de\u00a0Olympia metropolitana SA\u00a0(olympiametropolitana.com).<\/p>\n<p>Continguts de la WEB.<\/p>\n<p>Queda prohibida la reproducci\u00f3 total o parcial, fins i tot el bolcat del contingut a qualsevol suport, sense expressa autoritzaci\u00f3 de\u00a0Olympia metropolitana SA<\/p>\n<p>Cookies<\/p>\n<p>L&#8217;acc\u00e9s i la navegaci\u00f3 en el lloc, o l&#8217;\u00fas dels serveis d&#8217;aquest, impliquen l&#8217;acceptaci\u00f3 de les Condicions Generals establides en el nostre Av\u00eds Legal (i per tant de la Pol\u00edtica de Privacitat i Pol\u00edtica de Cookies). Per favor, llig-les atentament. T&#8217;agra\u00efm que hages decidit visitar-nos. Volem que la teua experi\u00e8ncia en el lloc siga tan b\u00e9 com siga possible, i per aqueix motiu hem escrit aquesta Pol\u00edtica de Cookies de la forma m\u00e9s transparent possible.<\/p>\n<p>Qu\u00e8 \u00e9s una Cookie?<\/p>\n<p>Les cookies s\u00f3n arxius que contenen xicotetes quantitats d&#8217;informaci\u00f3 que es descarreguen en el dispositiu de l&#8217;usuari que s&#8217;utilitza quan visites un lloc web. La seua finalitat principal \u00e9s recon\u00e9ixer a l&#8217;usuari cada vegada que accedeix a\u00a0olympiametropolitana.com, la qual cosa ens permet millorar la qualitat i la usabilitat de la nostra web.<\/p>\n<p>Les cookies s\u00f3n essencials per al funcionament d&#8217;Internet; no poden danyar l&#8217;equip\/dispositiu de l&#8217;usuari i, si es troben activades en la configuraci\u00f3 del teu navegador, ens ajuden a identificar i resoldre possibles errors de funcionament de\u00a0olympiametropolitana.com<\/p>\n<p>Tipus de Cookies<\/p>\n<p>Hi ha diferents tipus de cookies. Tots ells treballen de la mateixa manera, per\u00f2 tenen xicotetes difer\u00e8ncies:<\/p>\n<p>Cookies de Sessi\u00f3:\u00a0Les cookies de sessi\u00f3 duren solament per la duraci\u00f3 de la teua visita i s&#8217;esborren quan tanques el navegador. La seua finalitat principal \u00e9s identificar el tipus de dispositiu, donar suport a la seguretat lloc web o la seua funcionalitat b\u00e0sica. No contenen informaci\u00f3 personal que ens permeta identificar a una persona.<br \/>\nCookies Persistents o Permanents: S&#8217;emmagatzemen en el disc dur del dispositiu i la nostra web les llig cada vegada que realitzes una nova visita a olympiametropolitana.com; posseeix una data de caducitat o expiraci\u00f3 determinada, complida la qual la cookie deixa de funcionar. Ens permeten identificar les teues accions i prefer\u00e8ncies; analitzar les visites i ens ajuden a comprendre com arriben els usuaris a la nostra p\u00e0gina i millorar els nostres serveis.<br \/>\nCookies de Funcionalitat: Permeten a olympiametropolitana.com recordar decisions adoptades per l&#8217;usuari, com el seu login o identificador. La informaci\u00f3 que aquestes cookies recullen s&#8217;anonimitza (\u00e9s a dir, no cont\u00e9 ni el teu nom, direcci\u00f3, o altres dades).<br \/>\nCookies de Tercers: Les cookies de tercers s\u00f3n les cookies que instal\u00b7la un lloc web que no \u00e9s el que est\u00e0s visitant; per exemple, les usades per xarxes socials (com Facebook) o per complements externs de contingut (com Google Maps). A m\u00e9s, algunes empreses de publicitat usen aquest tipus d&#8217;arxius per a realitzar un seguiment de les teues visites en cada lloc en el qual s&#8217;anuncien.<br \/>\nCookies Anal\u00edtiques:\u00a0S\u00f3n cookies que tenen per finalitat el manteniment peri\u00f2dic i garantir el millor funcionament i servei a l&#8217;usuari; recopilant dades de la teua activitat.<\/p>\n<p>\u00das de Cookies per part de\u00a0olympiametropolitana.com<\/p>\n<p>Mitjan\u00e7ant l&#8217;acc\u00e9s a\u00a0olympiametropolitana.com, acceptes de manera expressa que puguem usar aquest tipus de cookies en els teus dispositius. Si desactives les cookies, pot ser que la teua navegaci\u00f3 per\u00a0olympiametropolitana.com\u00a0no siga \u00f2ptima i algunes de les utilitats que disposa\u00a0olympiametropolitana.com\u00a0no funcionen correctament.<\/p>\n<p>a) Cookies pr\u00f2pies<\/p>\n<p>Amb la finalitat de recon\u00e9ixer-te i prestar-te un millor servei, el nostre lloc utilitza cookies (xicotets arxius de text que el teu navegador emmagatzema) pr\u00f2pies. Els avantatges que comporta l&#8217;acceptaci\u00f3 de les nostres cookies es tradueix en un estalvi de temps. Aix\u00ed mateix poden ser utilitzades tamb\u00e9 per a recon\u00e9ixer-te entre visites successives i aix\u00ed adaptar el contingut que se&#8217;t mostra, per a obtindre informaci\u00f3 sobre la data i hora de la teua \u00faltima visita, mesurar alguns par\u00e0metres de tr\u00e0nsit dins del propi lloc, i estimar el nombre de visites realitzades, de manera que puguem enfocar i ajustar els serveis i promocions de forma m\u00e9s efectiva.<\/p>\n<p>Cap cookie permet que puga contactar-se amb el teu n\u00famero de tel\u00e8fon, la teua adre\u00e7a de correu electr\u00f2nic o amb qualsevol altre mitj\u00e0 de contacte. Cap cookie pot extraure informaci\u00f3 del teu disc dur o robar informaci\u00f3 personal.<\/p>\n<p>b) Cookies de Tercers.<\/p>\n<p>Google Analytics<br \/>\nNOM DE COOKIE DURACI\u00d3 PREDETERMINADA DESCRIPCI\u00d3<br \/>\n__utma Dos anys a partir de la configuraci\u00f3 o actualitzaci\u00f3 S&#8217;usa per a distingir usuaris i sessions. La cookie es crea quan s&#8217;executa la biblioteca Javascript i no hi ha cap cookie __utma. La cookie s&#8217;actualitza cada vegada que s&#8217;envien dades a Google Analytics.<br \/>\n__utmt 10 minuts S&#8217;usa per a limitar el percentatge de sol\u00b7licituds.<br \/>\n__utmb 30 minuts a partir de la configuraci\u00f3 o actualitzaci\u00f3 S&#8217;usa per a determinar noves sessions o visites. La cookie es crea quan s&#8217;executa la biblioteca Javascript i no hi ha cap cookie __utmb. La cookie s&#8217;actualitza cada vegada que s&#8217;envien dades a Google Analytics.<br \/>\n__utmc Fi de la sessi\u00f3 del navegador No s&#8217;usa en ga.js. Es configura per a interactuar amb urchin.js. Anteriorment, aquesta cookie actuava juntament amb la cookie __utmb per a determinar si l&#8217;usuari estava en una nova sessi\u00f3 o visita.<br \/>\n__utmz Sis mesos a partir de la configuraci\u00f3 o actualitzaci\u00f3 Emmagatzema la font de tr\u00e0nsit o la campanya que explica com ha arribat l&#8217;usuari al lloc. La cookie es crea quan s&#8217;executa la biblioteca Javascript i s&#8217;actualitza cada vegada que s&#8217;envien dades a Google Analytics.<br \/>\n__utmv Dos anys a partir de la configuraci\u00f3 o actualitzaci\u00f3 s&#8217;usa per a emmagatzemar dades de variables personalitzades de visitant. Aquesta cookie es crea quan un programador usa el m\u00e8tode_setCustomVar amb una variable personalitzada de visitant. Tamb\u00e9 s&#8217;usava per al m\u00e8tode _setVar retirat. La cookie s&#8217;actualitza cada vegada que s&#8217;envien dades a Google Analytics.<\/p>\n<p>Google Maps, Youtube, ShareThis, Wordfence<br \/>\nNOM DE COOKIE DURACI\u00d3 PREDETERMINADA DESCRIPCI\u00d3<br \/>\nmaps.google.es Sessi\u00f3 Dades de geolocalitzaci\u00f3<br \/>\nyoutube\u00a0 Persistent Prefer\u00e8ncies de Youtube<br \/>\nwordfence_verifiedHumans 24 hores Funci\u00f3 Tr\u00e0nsit en Directe de Wordfence, un plugin de seguretat de WordPress. S&#8217;usa per a separar als usuaris humans dels bots en l&#8217;opci\u00f3 de Tr\u00e0nsit en Directe de Wordfence.<br \/>\nShareThis Fi de la sessi\u00f3 del navegador Informes estad\u00edstics sobre el tr\u00e0nsit del lloc web en les xarxes socials<\/p>\n<p>Configuraci\u00f3 de l&#8217;usuari per a evitar Cookies<\/p>\n<p>Des de\u00a0olympiametropolitana.com\u00a0i en compliment de la normativa legal vigent, posem a la teua disposici\u00f3 la informaci\u00f3 que et permeta configurar el teu navegador\/navegadors d&#8217;Internet per a mantindre la teua privacitat i seguretat en relaci\u00f3 a les cookies. Per aix\u00f2, et facilitem la informaci\u00f3 i enlla\u00e7os als situats de suport oficials dels principals navegadors perqu\u00e8 pugues decidir si desitges o no acceptar l&#8217;\u00fas de cookies.<\/p>\n<p>Aix\u00ed, pots bloquejar les cookies a trav\u00e9s de les eines de configuraci\u00f3 del navegador o b\u00e9 pots configurar el teu navegador perqu\u00e8 t&#8217;avise quan un servidor vulga guardar una cookie:<\/p>\n<p>Si utilitzes\u00a0Microsoft Internet Explorer,<br \/>\nen l&#8217;opci\u00f3 de men\u00fa Eines &gt; Opcions d&#8217;Internet &gt; Privacitat &gt; Configuraci\u00f3.<br \/>\nPer a saber m\u00e9s visita:<br \/>\nhttp:\/\/windows.microsoft.com\/es-es\/windows-vista\/block-or-allow-cookies<br \/>\nhttp:\/\/windows.microsoft.com\/es-es\/windows7\/how-to-manage-cookies-in-internet-explorer-9\u00a0.<br \/>\nSi utilitzes\u00a0Firefox,<br \/>\nen l&#8217;opci\u00f3 de men\u00fa Eines &gt; Opcions &gt; Privacitat &gt; Cookies.<br \/>\nPer a saber m\u00e9s visita:<br \/>\nhttps:\/\/support.mozilla.org\/es\/kb\/habilitar-y-deshabilitar-cookies-que-los-sitios-we<br \/>\nSi utilitzes\u00a0Chrome,<br \/>\nen la secci\u00f3 d&#8217;Opcions &gt; Opcions avan\u00e7ades &gt; Privacitat.<br \/>\nPer a saber m\u00e9s visita:<br \/>\nhttp:\/\/support.google.com\/chrome\/bin\/answer.py?hl=es&#038;answer=95647<br \/>\nSi utilitzes\u00a0Safari,<br \/>\nen l&#8217;opci\u00f3 d&#8217;Edici\u00f3 &gt; Prefer\u00e8ncies &gt; Privacitat.<br \/>\nPer a saber m\u00e9s visita:<br \/>\nhttp:\/\/support.apple.com\/kb\/ht1677?viewlocale=es_es<br \/>\nSi utilitzes\u00a0Opera,<br \/>\nen l&#8217;opci\u00f3 de Seguretat i Privacitat, podr\u00e0s configurar el navegador.<br \/>\nPer a saber m\u00e9s visita:<br \/>\nhttp:\/\/www.opera.com\/help\/tutorials\/security\/cookies\/<\/p>\n","protected":false},"excerpt":{"rendered":"<p>Av\u00eds Legal La comunicaci\u00f3 amb Olympia metropolitana SA amb CIF A46381117 a trav\u00e9s de la seua adre\u00e7a de correu electr\u00f2nic direccion@olympiametropolitana.com suposa el consentiment expr\u00e9s perqu\u00e8 les seues dades personals siguen incorporats a fitxers de titularitat d&#8217;Olympia metropolitana SA el domicili fiscal de la qual \u00e9s: Carrer Sant Vicent Martir 44 \u2013 Bj \u2013 46002 [&#8230;]\n","protected":false},"author":2,"featured_media":0,"parent":0,"menu_order":0,"comment_status":"closed","ping_status":"closed","template":"","meta":{"footnotes":""},"class_list":["post-1295","page","type-page","status-publish","hentry"],"yoast_head":"<!-- This site is optimized with the Yoast SEO plugin v23.2 - https:\/\/yoast.com\/wordpress\/plugins\/seo\/ -->\n<title>POL\u00cdTICA DE PRIVACITAT - Olympia Metropolitana<\/title>\n<meta name=\"robots\" content=\"index, follow, max-snippet:-1, max-image-preview:large, max-video-preview:-1\" \/>\n<link rel=\"canonical\" href=\"https:\/\/olympiametropolitana.com\/politica-de-privacidad\/\" \/>\n<meta property=\"og:locale\" content=\"en_US\" \/>\n<meta property=\"og:type\" content=\"article\" \/>\n<meta property=\"og:title\" content=\"POL\u00cdTICA DE PRIVACITAT - Olympia Metropolitana\" \/>\n<meta property=\"og:description\" content=\"Av\u00eds Legal La comunicaci\u00f3 amb Olympia metropolitana SA amb CIF A46381117 a trav\u00e9s de la seua adre\u00e7a de correu electr\u00f2nic direccion@olympiametropolitana.com suposa el consentiment expr\u00e9s perqu\u00e8 les seues dades personals siguen incorporats a fitxers de titularitat d&#8217;Olympia metropolitana SA el domicili fiscal de la qual \u00e9s: Carrer Sant Vicent Martir 44 \u2013 Bj \u2013 46002 [...]\" \/>\n<meta property=\"og:url\" content=\"https:\/\/olympiametropolitana.com\/politica-de-privacidad\/\" \/>\n<meta property=\"og:site_name\" content=\"Olympia Metropolitana\" \/>\n<meta property=\"article:modified_time\" content=\"2021-05-20T09:14:37+00:00\" \/>\n<meta name=\"twitter:card\" content=\"summary_large_image\" \/>\n<meta name=\"twitter:label1\" content=\"Est. reading time\" \/>\n\t<meta name=\"twitter:data1\" content=\"12 minutes\" \/>\n<script type=\"application\/ld+json\" class=\"yoast-schema-graph\">{\"@context\":\"https:\/\/schema.org\",\"@graph\":[{\"@type\":\"WebPage\",\"@id\":\"https:\/\/olympiametropolitana.com\/politica-de-privacidad\/\",\"url\":\"https:\/\/olympiametropolitana.com\/politica-de-privacidad\/\",\"name\":\"POL\u00cdTICA DE PRIVACITAT - Olympia Metropolitana\",\"isPartOf\":{\"@id\":\"https:\/\/olympiametropolitana.com\/#website\"},\"datePublished\":\"2020-03-16T13:57:07+00:00\",\"dateModified\":\"2021-05-20T09:14:37+00:00\",\"breadcrumb\":{\"@id\":\"https:\/\/olympiametropolitana.com\/politica-de-privacidad\/#breadcrumb\"},\"inLanguage\":\"val\",\"potentialAction\":[{\"@type\":\"ReadAction\",\"target\":[\"https:\/\/olympiametropolitana.com\/politica-de-privacidad\/\"]}]},{\"@type\":\"BreadcrumbList\",\"@id\":\"https:\/\/olympiametropolitana.com\/politica-de-privacidad\/#breadcrumb\",\"itemListElement\":[{\"@type\":\"ListItem\",\"position\":1,\"name\":\"Home\",\"item\":\"https:\/\/olympiametropolitana.com\/ca\/\"},{\"@type\":\"ListItem\",\"position\":2,\"name\":\"POL\u00cdTICA DE PRIVACITAT\"}]},{\"@type\":\"WebSite\",\"@id\":\"https:\/\/olympiametropolitana.com\/#website\",\"url\":\"https:\/\/olympiametropolitana.com\/\",\"name\":\"Olympia Metropolitana\",\"description\":\"Olympia Metropolitana es una distribuidora de obras de teatro\",\"potentialAction\":[{\"@type\":\"SearchAction\",\"target\":{\"@type\":\"EntryPoint\",\"urlTemplate\":\"https:\/\/olympiametropolitana.com\/?s={search_term_string}\"},\"query-input\":\"required name=search_term_string\"}],\"inLanguage\":\"val\"}]}<\/script>\n<!-- \/ Yoast SEO plugin. -->","yoast_head_json":{"title":"POL\u00cdTICA DE PRIVACITAT - Olympia Metropolitana","robots":{"index":"index","follow":"follow","max-snippet":"max-snippet:-1","max-image-preview":"max-image-preview:large","max-video-preview":"max-video-preview:-1"},"canonical":"https:\/\/olympiametropolitana.com\/politica-de-privacidad\/","og_locale":"en_US","og_type":"article","og_title":"POL\u00cdTICA DE PRIVACITAT - Olympia Metropolitana","og_description":"Av\u00eds Legal La comunicaci\u00f3 amb Olympia metropolitana SA amb CIF A46381117 a trav\u00e9s de la seua adre\u00e7a de correu electr\u00f2nic direccion@olympiametropolitana.com suposa el consentiment expr\u00e9s perqu\u00e8 les seues dades personals siguen incorporats a fitxers de titularitat d&#8217;Olympia metropolitana SA el domicili fiscal de la qual \u00e9s: Carrer Sant Vicent Martir 44 \u2013 Bj \u2013 46002 [...]","og_url":"https:\/\/olympiametropolitana.com\/politica-de-privacidad\/","og_site_name":"Olympia Metropolitana","article_modified_time":"2021-05-20T09:14:37+00:00","twitter_card":"summary_large_image","twitter_misc":{"Est. reading time":"12 minutes"},"schema":{"@context":"https:\/\/schema.org","@graph":[{"@type":"WebPage","@id":"https:\/\/olympiametropolitana.com\/politica-de-privacidad\/","url":"https:\/\/olympiametropolitana.com\/politica-de-privacidad\/","name":"POL\u00cdTICA DE PRIVACITAT - Olympia Metropolitana","isPartOf":{"@id":"https:\/\/olympiametropolitana.com\/#website"},"datePublished":"2020-03-16T13:57:07+00:00","dateModified":"2021-05-20T09:14:37+00:00","breadcrumb":{"@id":"https:\/\/olympiametropolitana.com\/politica-de-privacidad\/#breadcrumb"},"inLanguage":"val","potentialAction":[{"@type":"ReadAction","target":["https:\/\/olympiametropolitana.com\/politica-de-privacidad\/"]}]},{"@type":"BreadcrumbList","@id":"https:\/\/olympiametropolitana.com\/politica-de-privacidad\/#breadcrumb","itemListElement":[{"@type":"ListItem","position":1,"name":"Home","item":"https:\/\/olympiametropolitana.com\/ca\/"},{"@type":"ListItem","position":2,"name":"POL\u00cdTICA DE PRIVACITAT"}]},{"@type":"WebSite","@id":"https:\/\/olympiametropolitana.com\/#website","url":"https:\/\/olympiametropolitana.com\/","name":"Olympia Metropolitana","description":"Olympia Metropolitana es una distribuidora de obras de teatro","potentialAction":[{"@type":"SearchAction","target":{"@type":"EntryPoint","urlTemplate":"https:\/\/olympiametropolitana.com\/?s={search_term_string}"},"query-input":"required name=search_term_string"}],"inLanguage":"val"}]}},"_links":{"self":[{"href":"https:\/\/olympiametropolitana.com\/ca\/wp-json\/wp\/v2\/pages\/1295"}],"collection":[{"href":"https:\/\/olympiametropolitana.com\/ca\/wp-json\/wp\/v2\/pages"}],"about":[{"href":"https:\/\/olympiametropolitana.com\/ca\/wp-json\/wp\/v2\/types\/page"}],"author":[{"embeddable":true,"href":"https:\/\/olympiametropolitana.com\/ca\/wp-json\/wp\/v2\/users\/2"}],"replies":[{"embeddable":true,"href":"https:\/\/olympiametropolitana.com\/ca\/wp-json\/wp\/v2\/comments?post=1295"}],"version-history":[{"count":0,"href":"https:\/\/olympiametropolitana.com\/ca\/wp-json\/wp\/v2\/pages\/1295\/revisions"}],"wp:attachment":[{"href":"https:\/\/olympiametropolitana.com\/ca\/wp-json\/wp\/v2\/media?parent=1295"}],"curies":[{"name":"wp","href":"https:\/\/api.w.org\/{rel}","templated":true}]}}